{"id":2131,"date":"2024-04-02T08:41:56","date_gmt":"2024-04-02T01:41:56","guid":{"rendered":"https:\/\/isc-vietnam.com\/?page_id=2131"},"modified":"2024-09-06T09:56:37","modified_gmt":"2024-09-06T02:56:37","slug":"digi-texx-viet-nam-2","status":"publish","type":"page","link":"https:\/\/isc-vietnam.com\/en\/digi-texx-viet-nam-2\/","title":{"rendered":"Digi-Texx Vi\u1ec7t Nam"},"content":{"rendered":"<section class=\"section tieu-de-section dark\" id=\"section_2025906530\">\n\t\t<div class=\"bg section-bg fill bg-fill\" >\n\n\t\t\t\n\t\t\t\n\t\t\t\n\n\t\t<\/div>\n\n\t\t\n\n\t\t<div class=\"section-content relative\">\n\t\t\t\n<div class=\"row align-middle\"  id=\"row-303426767\">\n\n\t<div id=\"col-1262489955\" class=\"col medium-4 small-12 large-4\"  >\n\t\t\t\t<div class=\"col-inner text-left\"  >\n\t\t\t\n\t\t\t\n\n<span><span><a href=\"https:\/\/isc-vietnam.com\/en\/\">Home<\/a><\/span><\/span>\n\n\t\t<\/div>\n\t\t\t\t\t<\/div>\n\n\t\n\n\t<div id=\"col-1150253988\" class=\"col medium-8 small-12 large-8\"  >\n\t\t\t\t<div class=\"col-inner\"  >\n\t\t\t\n\t\t\t\n\t\t<\/div>\n\t\t\t\t\t<\/div>\n\n\t\n<\/div>\n\t\t<\/div>\n\n\t\t\n<style>\n#section_2025906530 {\n  padding-top: 154px;\n  padding-bottom: 154px;\n}\n#section_2025906530 .section-bg.bg-loaded {\n  background-image: url(https:\/\/isc-vietnam.com\/wp-content\/uploads\/2024\/09\/cong-ty.png);\n}\n#section_2025906530 .ux-shape-divider--top svg {\n  height: 150px;\n  --divider-top-width: 100%;\n}\n#section_2025906530 .ux-shape-divider--bottom svg {\n  height: 150px;\n  --divider-width: 100%;\n}\n<\/style>\n\t<\/section>\n\t\n\t<section class=\"section gioi-thieu-1\" id=\"section_1145654184\">\n\t\t<div class=\"bg section-bg fill bg-fill  bg-loaded\" >\n\n\t\t\t\n\t\t\t\n\t\t\t\n\n\t\t<\/div>\n\n\t\t\n\n\t\t<div class=\"section-content relative\">\n\t\t\t\n<div class=\"row align-middle\"  id=\"row-1850555385\">\n\n\t<div id=\"col-1693886767\" class=\"col small-12 large-12\"  >\n\t\t\t\t<div class=\"col-inner\"  >\n\t\t\t\n\t\t\t\n<div class=\"bt-content-wrap btClear\">\n<div class=\"bt-content-holder\">\n<div class=\"bt-content\">\n<div class=\"bt_bb_wrapper\">\n<div class=\"bt_bb_fe_wrap\">\n<section id=\"bt_bb_section65e7d9c82aa5a\" class=\"bt_bb_section bt_bb_layout_boxed_1200 bt_bb_fe_edit\" data-base=\"bt_bb_section\" data-bt-bb-fe-atts=\"{&quot;layout&quot;:&quot;boxed_1200&quot;,&quot;lazy_load&quot;:&quot;yes&quot;,&quot;allow_content_outside&quot;:&quot;no&quot;,&quot;show_video_on_mobile&quot;:&quot;&quot;,&quot;bb_version&quot;:&quot;4.6.1&quot;}\" data-fe-id=\"8\" data-bb-version=\"4.6.1\" data-bt-override-class=\"null\">\n<div class=\"bt_bb_port\">\n<div class=\"bt_bb_cell\">\n<div class=\"bt_bb_cell_inner\">\n<div class=\"bt_bb_row_wrapper\" data-base=\"bt_bb_row\" data-bt-bb-fe-atts=\"&quot;&quot;\" data-fe-id=\"7\">\n<div class=\"bt_bb_row\" data-bt-override-class=\"{}\" data-structure=\"12\">\n<div class=\"bt_bb_column col-xl-12 col-xs-12 col-sm-12 col-md-12 col-lg-12 bt_bb_align_left bt_bb_vertical_align_top bt_bb_padding_normal\" data-base=\"bt_bb_column\" data-bt-bb-fe-atts=\"{&quot;order&quot;:&quot;0&quot;,&quot;lazy_load&quot;:&quot;yes&quot;,&quot;bb_version&quot;:&quot;4.6.1&quot;,&quot;width&quot;:&quot;1\/1&quot;,&quot;width_xl&quot;:&quot;1\/1&quot;,&quot;width_lg&quot;:&quot;1\/1&quot;,&quot;width_md&quot;:&quot;1\/1&quot;,&quot;width_sm&quot;:&quot;1\/1&quot;,&quot;width_xs&quot;:&quot;1\/1&quot;}\" data-fe-id=\"6\" data-bb-version=\"4.6.1\" data-width=\"12\" data-bt-override-class=\"{}\">\n<div class=\"bt_bb_column_content\">\n<div class=\"bt_bb_column_content_inner\">\n<div class=\"bt_bb_text bt_bb_fe_edit\" style=\"outline: 0px; box-sizing: border-box; padding: 0px; margin: 0px; background-repeat: no-repeat;\" data-base=\"bt_bb_text\" data-bt-bb-fe-atts=\"{&quot;bb_version&quot;:&quot;4.6.1&quot;,&quot;ai_prompt_helper&quot;:&quot;eyJrZXl3b3JkcyI6IiIsInRvbmUiOiIiLCJsYW5ndWFnZSI6IiIsImxlbmd0aCI6IiJ9&quot;}\" data-fe-id=\"5\" data-bb-version=\"4.6.1\" data-content=\"&lt;div&gt;&lt;p&gt;\u00a0&lt;\/p&gt;&lt;p&gt;\u00a0&lt;\/p&gt;&lt;p&gt;Nh\u1eb1m g\u00f3p ph\u1ea7n thu h\u00fat nh\u00e2n l\u1ef1c v\u00e0 n\u00e2ng cao ch\u1ea5t l\u01b0\u1ee3ng sinh vi\u00ean c\u00e1c chuy\u00ean ng\u00e0nh c\u00f4ng ngh\u1ec7 th\u00f4ng tin, ISC c\u00f9ng v\u1edbi c\u00e1c \u0111\u1ed1i t\u00e1c tri\u1ec3n khai c\u00e1c ho\u1ea1t \u0111\u1ed9ng ph\u1ee5c v\u1ee5 cho c\u00e1c doanh nghi\u1ec7p \u0111ang ho\u1ea1t \u0111\u1ed9ng t\u1ea1i Khu c\u00f4ng ngh\u1ec7 s\u1ed1 H\u1eadu Giang trong n\u0103m 2024.&lt;br \/&gt;M\u1ecdi \u00fd ki\u1ebfn \u0111\u00f3ng g\u00f3p, xin Qu\u00fd \u0111\u01a1n v\u1ecb c\u1eed \u0111\u1ea1i di\u1ec7n trao \u0111\u1ed5i v\u1edbi c\u00f4 \u0110inh Th\u1ecb Tuy\u1ebft Trinh (tel: 090 611 1978 ho\u1eb7c email trinh.dinh@alta.com.vn) ho\u1eb7c email admin@vietnamisc.com.&lt;br \/&gt;&lt;b&gt;&lt;br \/&gt;1. M\u1ee5c \u0111\u00edch&lt;\/b&gt;&lt;br \/&gt;\u2013 \u0110\u00e0o t\u1ea1o ngu\u1ed3n l\u1ef1c cung c\u1ea5p cho c\u00e1c doanh nghi\u1ec7p trong ISC, t\u1ec9nh H\u1eadu Giang v\u00e0 c\u00e1c t\u1ec9nh, th\u00e0nh l\u00e2n c\u1eadn.&lt;br \/&gt;\u2013\u00a0Ph\u1ed5 bi\u1ebfn, c\u1eadp nh\u1eadt c\u00f4ng ngh\u1ec7 cho c\u00e1c doanh nghi\u1ec7p ho\u1ea1t \u0111\u1ed9ng v\u1ec1 l\u0129nh v\u1ef1c C\u00f4ng ngh\u1ec7 th\u00f4ng tin trong ISC v\u00e0 c\u00e1c doanh nghi\u1ec7p c\u1ee7a c\u00e1c t\u1ec9nh, th\u00e0nh l\u00e2n c\u1eadn.&lt;br \/&gt;\u2013\u00a0C\u1eadp nh\u1eadt c\u00f4ng ngh\u1ec7 m\u1edbi t\u1eeb doanh nghi\u1ec7p cho c\u00e1c Gi\u1ea3ng vi\u00ean tr\u01b0\u1eddng \u0110\u1ea1i h\u1ecdc, Cao \u0111\u1eb3ng, Trung c\u1ea5p c\u00e1c t\u1ec9nh \u0111\u1ed3ng b\u1eb1ng s\u00f4ng C\u1eedu Long.&lt;\/p&gt;&lt;p&gt;&lt;b&gt;2. \u0110\u1ed1i t\u01b0\u1ee3ng:&lt;\/b&gt;&lt;br \/&gt;\u2013\u00a0Sinh vi\u00ean t\u1eeb n\u0103m 1 \u0111\u1ebfn n\u0103m 4 ng\u00e0nh C\u00f4ng ngh\u1ec7 th\u00f4ng tin.&lt;br \/&gt;\u2013\u00a0Gi\u1ea3ng vi\u00ean c\u00e1c tr\u01b0\u1eddng \u0110\u1ea1i h\u1ecdc, Cao \u0111\u1eb3ng, Trung c\u1ea5p.&lt;\/p&gt;&lt;p&gt;&lt;b&gt;3. C\u00e1c ho\u1ea1t \u0111\u1ed9ng:&lt;\/b&gt;&lt;br \/&gt;&lt;b&gt;&lt;i&gt;3.1. Ng\u00e0y h\u1ed9i vi\u1ec7c l\u00e0m (Job fair)&lt;\/i&gt;&lt;\/b&gt;&lt;br \/&gt;JOBFAIR ISC L\u1ea6N 1: D\u1ef1 ki\u1ebfn t\u1ed5 ch\u1ee9c v\u00e0o th\u00e1ng 3\/2024, mi\u1ec5n ph\u00ed.&lt;br \/&gt;JOBFAIR ISC L\u1ea6N 2: D\u1ef1 ki\u1ebfn t\u1ed5 ch\u1ee9c v\u00e0o th\u00e1ng 9\/2024, d\u1ef1 ki\u1ebfn 1,5 tri\u1ec7u \u0111\u1ed3ng\/ gian h\u00e0ng.&lt;br \/&gt;\u2013\u00a0C\u00e1c khu v\u1ef1c ho\u1ea1t \u0111\u1ed9ng: Gian h\u00e0ng tuy\u1ec3n d\u1ee5ng, tr\u01b0ng b\u00e0y s\u1ea3n ph\u1ea9m; Ph\u00f2ng l\u00e0m workshop chuy\u00ean ng\u00e0nh.&lt;br \/&gt;\u2013\u00a0\u0110\u1ed1i t\u01b0\u1ee3ng tham gia Jobfair: Doanh nghi\u1ec7p; Sinh vi\u00ean c\u00e1c tr\u01b0\u1eddng \u0110H, C\u0110, Trung c\u1ea5p c\u00e1c t\u1ec9nh mi\u1ec1n T\u00e2y; C\u00e1c d\u1ecbch v\u1ee5 gi\u1edbi thi\u1ec7u vi\u1ec7c l\u00e0m.&lt;\/p&gt;&lt;p&gt;&lt;b&gt;&lt;i&gt;3.2. T\u1ed5 ch\u1ee9c Workshop chuy\u00ean ng\u00e0nh CNTT d\u00e0nh cho sinh vi\u00ean&lt;\/i&gt;&lt;\/b&gt;&lt;br \/&gt;\u2013\u00a0L\u1ea7n 1: D\u1ef1 ki\u1ebfn ng\u00e0y 09\/03\/2024, d\u1ef1 ki\u1ebfn t\u1ed5 ch\u1ee9c \u0111\u1ecbnh k\u1ef3 h\u00e0ng th\u00e1ng.&lt;br \/&gt;\u2013\u00a0Chi ph\u00ed: Mi\u1ec5n ph\u00ed.&lt;br \/&gt;\u2013 \u0110\u1ed1i t\u01b0\u1ee3ng tham d\u1ef1: Ch\u1ee7 \u0111\u1ec1 d\u00e0nh cho sinh vi\u00ean n\u0103m 1, 2 v\u00e0 ch\u1ee7 \u0111\u1ec1 d\u00e0nh cho sinh vi\u00ean n\u0103m 3, 4.&lt;\/p&gt;&lt;p&gt;&lt;b&gt;&lt;i&gt;3.3 T\u1ed5 ch\u1ee9c Workshop chuy\u00ean ng\u00e0nh CNTT d\u00e0nh cho Doanh nghi\u1ec7p v\u00e0 Gi\u1ea3ng vi\u00ean&lt;\/i&gt;&lt;\/b&gt;&lt;br \/&gt;\u2013\u00a0L\u1ea7n 1: D\u1ef1 ki\u1ebfn t\u1ed5 ch\u1ee9c ng\u00e0y 30\/03\/2024, d\u1ef1 ki\u1ebfn t\u1ed5 ch\u1ee9c \u0111\u1ecbnh k\u1ef3 h\u00e0ng qu\u00fd.&lt;\/p&gt;&lt;\/div&gt;\">\n<p style=\"padding-left: 40px;\"><span style=\"color: #000000;\">Digi-Texx offers a wide range of digital <\/span><span style=\"color: #000000;\">and BPO services powered by modern digital technologies (Computer Vision, Natural Language Processing and Big Data) <\/span><span style=\"color: #000000;\">, combined with a workforce skilled to exploit the value of data and maximize business productivity <\/span><span style=\"color: #000000;\">customer's business.<\/span><\/p>\n<p style=\"padding-left: 40px;\"><strong><span style=\"color: #000000;\">Document and Data Processing<\/span><\/strong><br \/>\n<span style=\"color: #000000;\">Digi-Texx provides digitization services for all types of documents such as invoices, <\/span><span style=\"color: #000000;\">insurance claims, bank statements, handwritten antique documents, etc., <\/span><span style=\"color: #000000;\">with the powerful magnetic resonance of Digi-Soft- our self-developed workflow automation platform.<\/span><br \/>\n<span style=\"color: #000000;\">Through an initial automated document &amp; data processing step, the information is later verified <\/span><span style=\"color: #000000;\">by our professionally trained staff to ensure <\/span><span style=\"color: #000000;\">up to 99,9% data accuracy. We obtain validated data sets <\/span><span style=\"color: #000000;\">for your AI development projects to transform a massive data source into insights <\/span><span style=\"color: #000000;\">for better data-driven decision-making.<\/span><\/p>\n<p style=\"padding-left: 40px;\"><strong><span style=\"color: #000000;\">Data Annotation<\/span><\/strong><br \/>\n<span style=\"color: #000000;\">Digi-Texx offers accurate and well-annotated data for different industries. <\/span><span style=\"color: #000000;\">We provide a team of specialized data annotators and AI-assisted tools <\/span><span style=\"color: #000000;\">to label high-quality training data.<\/span><br \/>\n<span style=\"color: #000000;\">Our annotators are capable of handling various types of annotation including <\/span><span style=\"color: #000000;\">text, images, audio, and video with a variety of objects.While our resources are variable with in-house <\/span><span style=\"color: #000000;\">resources and the outsourcing workforce, all these advantages give us a huge opportunity to excel in our quality to satisfy the client\u2019s highest expectations.<\/span><br \/>\n<span style=\"color: #000000;\">All annotation work is processed and reverted swiftly by a highly qualified team of <\/span><span style=\"color: #000000;\">experts.<\/span><\/p>\n<p style=\"padding-left: 40px;\"><strong><span style=\"color: #000000;\">Document Scanning and Digital Archiving<\/span><\/strong><br \/>\n<span style=\"color: #000000;\">Digi-Texx provides a comprehensive scanning solution package including preparation and classification, <\/span><span style=\"color: #000000;\">scanning, indexing, storage, and processing after scanning. We scan and index all types of <\/span><span style=\"color: #000000;\">records, documents, invoices, forms, and so on with all paper sizes. Works are performed at Digi- <\/span><span style=\"color: #000000;\">Texx (Off-site) or client premises (On-site) by the dedicated staff.<\/span><br \/>\n<span style=\"color: #000000;\">The documents can be scanned either in black and white or like-for-like as per originals. Our document scanning <\/span><span style=\"color: #000000;\">equipment can handle document sizes <\/span><span style=\"color: #000000;\">as small as a train ticket and up to A3 size. <\/span><span style=\"color: #000000;\">Large documents such as maps, plans, and technical drawings up to A0 are scanned on our wide-format scanners.<\/span><\/p>\n<p style=\"padding-left: 40px;\"><strong><span style=\"color: #000000;\">Image Processing<\/span><\/strong><br \/>\n<span style=\"color: #000000;\">Digi-Texx manages clients\u2019 post-production to transform images into professional visualizations. Our service optimizes product images <\/span><span style=\"color: #000000;\">displayed in catalogs, <\/span><span style=\"color: #000000;\">E-commerce platforms, promotional content, branding campaigns, and so on.<\/span><br \/>\n<span style=\"color: #000000;\">We assist clients in receiving raw materials and enhancing images under brand guidelines <\/span><span style=\"color: #000000;\">, with affordable prices, exceptional quality <\/span><span style=\"color: #000000;\">, and flexible <\/span><span style=\"color: #000000;\">turnaround times.<\/span><\/p>\n<p style=\"padding-left: 40px;\"><strong><span style=\"color: #000000;\">Business Support<\/span><\/strong><br \/>\n<span style=\"color: #000000;\">Our business support officers provide round-the-clock and high-quality services <\/span><span style=\"color: #000000;\">at affordable rates in different languages.<\/span><br \/>\n<span style=\"color: #000000;\">We also offer professional on-site business support specializing in data control and verification <\/span><span style=\"color: #000000;\">, statistical reporting, document digitization, and compliance control.<\/span><br \/>\n<span style=\"color: #000000;\">Our on-site services can be operated by either the client or Digi-Texx systems.<\/span><\/p>\n<\/div>\n<\/div>\n<\/div>\n<\/div>\n<\/div>\n<\/div>\n<\/div>\n<\/div>\n<\/div>\n<\/section>\n<\/div>\n<\/div>\n<\/div>\n<\/div>\n<\/div>\n\t\t<\/div>\n\t\t\t\t\t<\/div>\n\n\t\n<\/div>\n\t\t<\/div>\n\n\t\t\n<style>\n#section_1145654184 {\n  padding-top: 70px;\n  padding-bottom: 70px;\n}\n#section_1145654184 .ux-shape-divider--top svg {\n  height: 150px;\n  --divider-top-width: 100%;\n}\n#section_1145654184 .ux-shape-divider--bottom svg {\n  height: 150px;\n  --divider-width: 100%;\n}\n<\/style>\n\t<\/section>","protected":false},"excerpt":{"rendered":"","protected":false},"author":1,"featured_media":0,"parent":0,"menu_order":0,"comment_status":"closed","ping_status":"closed","template":"page-blank.php","meta":{"footnotes":""},"class_list":["post-2131","page","type-page","status-publish","hentry"],"yoast_head":"<!-- This site is optimized with the Yoast SEO plugin v20.3 - https:\/\/yoast.com\/wordpress\/plugins\/seo\/ -->\n<title>Digi-Texx Vi\u1ec7t Nam - ISC Vi\u1ec7t Nam<\/title>\n<meta name=\"robots\" content=\"index, follow, max-snippet:-1, max-image-preview:large, max-video-preview:-1\" \/>\n<link rel=\"canonical\" href=\"https:\/\/isc-vietnam.com\/en\/digi-texx-viet-nam-2\/\" \/>\n<meta property=\"og:locale\" content=\"en_US\" \/>\n<meta property=\"og:type\" content=\"article\" \/>\n<meta property=\"og:title\" content=\"Digi-Texx Vi\u1ec7t Nam - ISC Vi\u1ec7t Nam\" \/>\n<meta property=\"og:url\" content=\"https:\/\/isc-vietnam.com\/en\/digi-texx-viet-nam-2\/\" \/>\n<meta property=\"og:site_name\" content=\"ISC Vi\u1ec7t Nam\" \/>\n<meta property=\"article:publisher\" content=\"https:\/\/www.facebook.com\/vietnamisc\" \/>\n<meta property=\"article:modified_time\" content=\"2024-09-06T02:56:37+00:00\" \/>\n<meta name=\"twitter:card\" content=\"summary_large_image\" \/>\n<meta name=\"twitter:label1\" content=\"Est. reading time\" \/>\n\t<meta name=\"twitter:data1\" content=\"5 minutes\" \/>\n<script type=\"application\/ld+json\" class=\"yoast-schema-graph\">{\"@context\":\"https:\/\/schema.org\",\"@graph\":[{\"@type\":\"WebPage\",\"@id\":\"https:\/\/isc-vietnam.com\/digi-texx-viet-nam-2\/\",\"url\":\"https:\/\/isc-vietnam.com\/digi-texx-viet-nam-2\/\",\"name\":\"Digi-Texx Vi\u1ec7t Nam - ISC Vi\u1ec7t Nam\",\"isPartOf\":{\"@id\":\"https:\/\/isc-vietnam.com\/#website\"},\"datePublished\":\"2024-04-02T01:41:56+00:00\",\"dateModified\":\"2024-09-06T02:56:37+00:00\",\"breadcrumb\":{\"@id\":\"https:\/\/isc-vietnam.com\/digi-texx-viet-nam-2\/#breadcrumb\"},\"inLanguage\":\"en-US\",\"potentialAction\":[{\"@type\":\"ReadAction\",\"target\":[\"https:\/\/isc-vietnam.com\/digi-texx-viet-nam-2\/\"]}]},{\"@type\":\"BreadcrumbList\",\"@id\":\"https:\/\/isc-vietnam.com\/digi-texx-viet-nam-2\/#breadcrumb\",\"itemListElement\":[{\"@type\":\"ListItem\",\"position\":1,\"name\":\"Trang ch\u1ee7\",\"item\":\"https:\/\/isc-vietnam.com\/\"},{\"@type\":\"ListItem\",\"position\":2,\"name\":\"Digi-Texx Vi\u1ec7t Nam\"}]},{\"@type\":\"WebSite\",\"@id\":\"https:\/\/isc-vietnam.com\/#website\",\"url\":\"https:\/\/isc-vietnam.com\/\",\"name\":\"ISC Vi\u1ec7t Nam\",\"description\":\"TRUNG T\u00c2M \u01af\u01a0M T\u1ea0O C\u00d4NG NGH\u1ec6 V\u00c0 H\u1ed6 TR\u1ee2 \u0110\u1ed4I M\u1edaI S\u00c1NG T\u1ea0O (ISC)\",\"publisher\":{\"@id\":\"https:\/\/isc-vietnam.com\/#organization\"},\"potentialAction\":[{\"@type\":\"SearchAction\",\"target\":{\"@type\":\"EntryPoint\",\"urlTemplate\":\"https:\/\/isc-vietnam.com\/?s={search_term_string}\"},\"query-input\":\"required name=search_term_string\"}],\"inLanguage\":\"en-US\"},{\"@type\":\"Organization\",\"@id\":\"https:\/\/isc-vietnam.com\/#organization\",\"name\":\"ISC Vi\u1ec7t Nam\",\"url\":\"https:\/\/isc-vietnam.com\/\",\"logo\":{\"@type\":\"ImageObject\",\"inLanguage\":\"en-US\",\"@id\":\"https:\/\/isc-vietnam.com\/#\/schema\/logo\/image\/\",\"url\":\"https:\/\/isc-vietnam.com\/wp-content\/uploads\/2024\/03\/iscfav.png\",\"contentUrl\":\"https:\/\/isc-vietnam.com\/wp-content\/uploads\/2024\/03\/iscfav.png\",\"width\":512,\"height\":512,\"caption\":\"ISC Vi\u1ec7t Nam\"},\"image\":{\"@id\":\"https:\/\/isc-vietnam.com\/#\/schema\/logo\/image\/\"},\"sameAs\":[\"https:\/\/www.facebook.com\/vietnamisc\",\"https:\/\/www.linkedin.com\/company\/iscvietnam\/\",\"https:\/\/www.youtube.com\/@iscvietnam\"]}]}<\/script>\n<!-- \/ Yoast SEO plugin. -->","yoast_head_json":{"title":"Digi-Texx Vi\u1ec7t Nam - ISC Vi\u1ec7t Nam","robots":{"index":"index","follow":"follow","max-snippet":"max-snippet:-1","max-image-preview":"max-image-preview:large","max-video-preview":"max-video-preview:-1"},"canonical":"https:\/\/isc-vietnam.com\/en\/digi-texx-viet-nam-2\/","og_locale":"en_US","og_type":"article","og_title":"Digi-Texx Vi\u1ec7t Nam - ISC Vi\u1ec7t Nam","og_url":"https:\/\/isc-vietnam.com\/en\/digi-texx-viet-nam-2\/","og_site_name":"ISC Vi\u1ec7t Nam","article_publisher":"https:\/\/www.facebook.com\/vietnamisc","article_modified_time":"2024-09-06T02:56:37+00:00","twitter_card":"summary_large_image","twitter_misc":{"Est. reading time":"5 minutes"},"schema":{"@context":"https:\/\/schema.org","@graph":[{"@type":"WebPage","@id":"https:\/\/isc-vietnam.com\/digi-texx-viet-nam-2\/","url":"https:\/\/isc-vietnam.com\/digi-texx-viet-nam-2\/","name":"Digi-Texx Vi\u1ec7t Nam - ISC Vi\u1ec7t Nam","isPartOf":{"@id":"https:\/\/isc-vietnam.com\/#website"},"datePublished":"2024-04-02T01:41:56+00:00","dateModified":"2024-09-06T02:56:37+00:00","breadcrumb":{"@id":"https:\/\/isc-vietnam.com\/digi-texx-viet-nam-2\/#breadcrumb"},"inLanguage":"en-US","potentialAction":[{"@type":"ReadAction","target":["https:\/\/isc-vietnam.com\/digi-texx-viet-nam-2\/"]}]},{"@type":"BreadcrumbList","@id":"https:\/\/isc-vietnam.com\/digi-texx-viet-nam-2\/#breadcrumb","itemListElement":[{"@type":"ListItem","position":1,"name":"Trang ch\u1ee7","item":"https:\/\/isc-vietnam.com\/"},{"@type":"ListItem","position":2,"name":"Digi-Texx Vi\u1ec7t Nam"}]},{"@type":"WebSite","@id":"https:\/\/isc-vietnam.com\/#website","url":"https:\/\/isc-vietnam.com\/","name":"ISC Vi\u1ec7t Nam","description":"TRUNG T\u00c2M \u01af\u01a0M T\u1ea0O C\u00d4NG NGH\u1ec6 V\u00c0 H\u1ed6 TR\u1ee2 \u0110\u1ed4I M\u1edaI S\u00c1NG T\u1ea0O (ISC)","publisher":{"@id":"https:\/\/isc-vietnam.com\/#organization"},"potentialAction":[{"@type":"SearchAction","target":{"@type":"EntryPoint","urlTemplate":"https:\/\/isc-vietnam.com\/?s={search_term_string}"},"query-input":"required name=search_term_string"}],"inLanguage":"en-US"},{"@type":"Organization","@id":"https:\/\/isc-vietnam.com\/#organization","name":"ISC Vi\u1ec7t Nam","url":"https:\/\/isc-vietnam.com\/","logo":{"@type":"ImageObject","inLanguage":"en-US","@id":"https:\/\/isc-vietnam.com\/#\/schema\/logo\/image\/","url":"https:\/\/isc-vietnam.com\/wp-content\/uploads\/2024\/03\/iscfav.png","contentUrl":"https:\/\/isc-vietnam.com\/wp-content\/uploads\/2024\/03\/iscfav.png","width":512,"height":512,"caption":"ISC Vi\u1ec7t Nam"},"image":{"@id":"https:\/\/isc-vietnam.com\/#\/schema\/logo\/image\/"},"sameAs":["https:\/\/www.facebook.com\/vietnamisc","https:\/\/www.linkedin.com\/company\/iscvietnam\/","https:\/\/www.youtube.com\/@iscvietnam"]}]}},"_links":{"self":[{"href":"https:\/\/isc-vietnam.com\/en\/wp-json\/wp\/v2\/pages\/2131","targetHints":{"allow":["GET"]}}],"collection":[{"href":"https:\/\/isc-vietnam.com\/en\/wp-json\/wp\/v2\/pages"}],"about":[{"href":"https:\/\/isc-vietnam.com\/en\/wp-json\/wp\/v2\/types\/page"}],"author":[{"embeddable":true,"href":"https:\/\/isc-vietnam.com\/en\/wp-json\/wp\/v2\/users\/1"}],"replies":[{"embeddable":true,"href":"https:\/\/isc-vietnam.com\/en\/wp-json\/wp\/v2\/comments?post=2131"}],"version-history":[{"count":14,"href":"https:\/\/isc-vietnam.com\/en\/wp-json\/wp\/v2\/pages\/2131\/revisions"}],"predecessor-version":[{"id":3317,"href":"https:\/\/isc-vietnam.com\/en\/wp-json\/wp\/v2\/pages\/2131\/revisions\/3317"}],"wp:attachment":[{"href":"https:\/\/isc-vietnam.com\/en\/wp-json\/wp\/v2\/media?parent=2131"}],"curies":[{"name":"wp","href":"https:\/\/api.w.org\/{rel}","templated":true}]}}