{"id":3318,"date":"2024-09-09T09:00:26","date_gmt":"2024-09-09T02:00:26","guid":{"rendered":"https:\/\/isc-vietnam.com\/?page_id=3318"},"modified":"2026-01-23T08:50:07","modified_gmt":"2026-01-23T01:50:07","slug":"csr","status":"publish","type":"page","link":"https:\/\/isc-vietnam.com\/en\/csr\/","title":{"rendered":"CSR"},"content":{"rendered":"<section class=\"section\" id=\"section_1001047044\">\n\t\t<div class=\"bg section-bg fill bg-fill  bg-loaded\" >\n\n\t\t\t\n\t\t\t\n\t\t\t\n\n\t\t<\/div>\n\n\t\t\n\n\t\t<div class=\"section-content relative\">\n\t\t\t\n\n  <div class=\"banner has-hover\" id=\"banner-661813759\">\n          <div class=\"banner-inner fill\">\n        <div class=\"banner-bg fill\" >\n            <div class=\"bg fill bg-fill\"><\/div>\n                                    \n                    <\/div>\n\t\t\n        <div class=\"banner-layers container\">\n            <div class=\"fill banner-link\"><\/div>            \n   <div id=\"text-box-1840810000\" class=\"text-box banner-layer x50 md-x50 lg-x50 y50 md-y50 lg-y50 res-text\">\n                                <div class=\"text-box-content text dark\">\n              \n              <div class=\"text-inner text-center\">\n                  \n<h1><span style=\"font-size: 100%;\">CSR<\/span><\/h1>\n              <\/div>\n           <\/div>\n                            \n<style>\n#text-box-1840810000 {\n  width: 60%;\n}\n#text-box-1840810000 .text-box-content {\n  font-size: 100%;\n}\n<\/style>\n    <\/div>\n \n        <\/div>\n      <\/div>\n\n            \n<style>\n#banner-661813759 {\n  padding-top: 200px;\n}\n#banner-661813759 .bg.bg-loaded {\n  background-image: url(https:\/\/isc-vietnam.com\/wp-content\/uploads\/2024\/09\/cong-dong-doi-tac--1024x213.png);\n}\n#banner-661813759 .ux-shape-divider--top svg {\n  height: 150px;\n  --divider-top-width: 100%;\n}\n#banner-661813759 .ux-shape-divider--bottom svg {\n  height: 150px;\n  --divider-width: 100%;\n}\n<\/style>\n  <\/div>\n\n\n\t\t<\/div>\n\n\t\t\n<style>\n#section_1001047044 {\n  padding-top: 30px;\n  padding-bottom: 30px;\n}\n#section_1001047044 .ux-shape-divider--top svg {\n  height: 150px;\n  --divider-top-width: 100%;\n}\n#section_1001047044 .ux-shape-divider--bottom svg {\n  height: 150px;\n  --divider-width: 100%;\n}\n<\/style>\n\t<\/section>\n\t\n<div class=\"slider-wrapper relative\" id=\"slider-1689028857\" >\n    <div class=\"slider slider-nav-circle slider-nav-large slider-nav-light slider-style-normal\"\n        data-flickity-options='{            \"cellAlign\": \"center\",            \"imagesLoaded\": true,            \"lazyLoad\": 1,            \"freeScroll\": false,            \"wrapAround\": true,            \"autoPlay\": 6000,            \"pauseAutoPlayOnHover\" : true,            \"prevNextButtons\": true,            \"contain\" : true,            \"adaptiveHeight\" : true,            \"dragThreshold\" : 10,            \"percentPosition\": true,            \"pageDots\": true,            \"rightToLeft\": false,            \"draggable\": true,            \"selectedAttraction\": 0.1,            \"parallax\" : 0,            \"friction\": 0.6        }'\n        >\n        \n<div class=\"row\"  id=\"row-543552944\">\n\n\t<div id=\"col-1527761457\" class=\"col medium-6 small-12 large-6\"  >\n\t\t\t\t<div class=\"col-inner\"  >\n\t\t\t\n\t\t\t\n<p>\u00a0<\/p>\n<p>\u00a0<\/p>\n<p>\u00a0<\/p>\n<p>\u00a0<\/p>\n<p>\u00a0<\/p>\n<p style=\"text-align: center;\"><strong><span style=\"color: #282828; font-size: 120%;\">ISC h\u1ed7 tr\u1ee3 c\u00f4ng \u0111o\u00e0n vi\u00ean c\u00f3 ho\u00e0n c\u1ea3nh kh\u00f3 kh\u0103n<\/span><\/strong><\/p>\n\t\t<\/div>\n\t\t\t\t\t<\/div>\n\n\t\n\n\t<div id=\"col-1591088151\" class=\"col medium-6 small-12 large-6\"  >\n\t\t\t\t<div class=\"col-inner\"  >\n\t\t\t\n\t\t\t\n\t<div class=\"img has-hover x md-x lg-x y md-y lg-y\" id=\"image_1722554616\">\n\t\t\t\t\t\t\t\t<div class=\"img-inner dark\" >\n\t\t\t<img loading=\"lazy\" decoding=\"async\" width=\"735\" height=\"1024\" data-src=\"https:\/\/isc-vietnam.com\/wp-content\/uploads\/2025\/12\/Image-59-735x1024-1.jpg\" class=\"attachment-large size-large lazyload\" alt=\"\" data-srcset=\"https:\/\/isc-vietnam.com\/wp-content\/uploads\/2025\/12\/Image-59-735x1024-1.jpg 735w, https:\/\/isc-vietnam.com\/wp-content\/uploads\/2025\/12\/Image-59-735x1024-1-431x600.jpg 431w, https:\/\/isc-vietnam.com\/wp-content\/uploads\/2025\/12\/Image-59-735x1024-1-9x12.jpg 9w\" data-sizes=\"auto, (max-width: 735px) 100vw, 735px\" src=\"data:image\/gif;base64,R0lGODlhAQABAAAAACH5BAEKAAEALAAAAAABAAEAAAICTAEAOw==\" style=\"--smush-placeholder-width: 735px; --smush-placeholder-aspect-ratio: 735\/1024;\" \/><noscript><img loading=\"lazy\" decoding=\"async\" width=\"735\" height=\"1024\" src=\"https:\/\/isc-vietnam.com\/wp-content\/uploads\/2025\/12\/Image-59-735x1024-1.jpg\" class=\"attachment-large size-large\" alt=\"\" srcset=\"https:\/\/isc-vietnam.com\/wp-content\/uploads\/2025\/12\/Image-59-735x1024-1.jpg 735w, https:\/\/isc-vietnam.com\/wp-content\/uploads\/2025\/12\/Image-59-735x1024-1-431x600.jpg 431w, https:\/\/isc-vietnam.com\/wp-content\/uploads\/2025\/12\/Image-59-735x1024-1-9x12.jpg 9w\" sizes=\"auto, (max-width: 735px) 100vw, 735px\" \/><\/noscript>\t\t\t\t\t\t\n\t\t\t\t\t<\/div>\n\t\t\t\t\t\t\t\t\n<style>\n#image_1722554616 {\n  width: 100%;\n}\n<\/style>\n\t<\/div>\n\t\n\t\t<\/div>\n\t\t\t\t\t<\/div>\n\n\t\n<\/div>\n<div class=\"row\"  id=\"row-833539469\">\n\n\t<div id=\"col-1019585309\" class=\"col medium-6 small-12 large-6\"  >\n\t\t\t\t<div class=\"col-inner\"  >\n\t\t\t\n\t\t\t\n\t<div id=\"text-3515691824\" class=\"text\">\n\t\t\n<p>\u00a0<\/p>\n<p>\u00a0<\/p>\n<p>\u00a0<\/p>\n<p>\u00a0<\/p>\n<p style=\"text-align: center;\"><strong><span style=\"font-size: 120%; color: #282828;\">ISC h\u1ed7 tr\u1ee3 chu\u1ed7i s\u1ef1 ki\u1ec7n khai gi\u1ea3ng n\u0103m h\u1ecdc 2023-2024<\/span><\/strong><\/p>\n\t\t\n<style>\n#text-3515691824 {\n  text-align: center;\n}\n<\/style>\n\t<\/div>\n\t\n\t\t<\/div>\n\t\t\t\t\t<\/div>\n\n\t\n\n\t<div id=\"col-352394762\" class=\"col medium-6 small-12 large-6\"  >\n\t\t\t\t<div class=\"col-inner\"  >\n\t\t\t\n\t\t\t\n\t<div class=\"img has-hover x md-x lg-x y md-y lg-y\" id=\"image_161437949\">\n\t\t\t\t\t\t\t\t<div class=\"img-inner dark\" >\n\t\t\t<img loading=\"lazy\" decoding=\"async\" width=\"728\" height=\"1024\" data-src=\"https:\/\/isc-vietnam.com\/wp-content\/uploads\/2025\/12\/Image-60-728x1024-1.jpg\" class=\"attachment-large size-large lazyload\" alt=\"\" data-srcset=\"https:\/\/isc-vietnam.com\/wp-content\/uploads\/2025\/12\/Image-60-728x1024-1.jpg 728w, https:\/\/isc-vietnam.com\/wp-content\/uploads\/2025\/12\/Image-60-728x1024-1-427x600.jpg 427w, https:\/\/isc-vietnam.com\/wp-content\/uploads\/2025\/12\/Image-60-728x1024-1-9x12.jpg 9w\" data-sizes=\"auto, (max-width: 728px) 100vw, 728px\" src=\"data:image\/gif;base64,R0lGODlhAQABAAAAACH5BAEKAAEALAAAAAABAAEAAAICTAEAOw==\" style=\"--smush-placeholder-width: 728px; --smush-placeholder-aspect-ratio: 728\/1024;\" \/><noscript><img loading=\"lazy\" decoding=\"async\" width=\"728\" height=\"1024\" src=\"https:\/\/isc-vietnam.com\/wp-content\/uploads\/2025\/12\/Image-60-728x1024-1.jpg\" class=\"attachment-large size-large\" alt=\"\" srcset=\"https:\/\/isc-vietnam.com\/wp-content\/uploads\/2025\/12\/Image-60-728x1024-1.jpg 728w, https:\/\/isc-vietnam.com\/wp-content\/uploads\/2025\/12\/Image-60-728x1024-1-427x600.jpg 427w, https:\/\/isc-vietnam.com\/wp-content\/uploads\/2025\/12\/Image-60-728x1024-1-9x12.jpg 9w\" sizes=\"auto, (max-width: 728px) 100vw, 728px\" \/><\/noscript>\t\t\t\t\t\t\n\t\t\t\t\t<\/div>\n\t\t\t\t\t\t\t\t\n<style>\n#image_161437949 {\n  width: 100%;\n}\n<\/style>\n\t<\/div>\n\t\n\t\t<\/div>\n\t\t\t\t\t<\/div>\n\n\t\n<\/div>\n<div class=\"row\"  id=\"row-1028471853\">\n\n\t<div id=\"col-1521944684\" class=\"col medium-6 small-12 large-6\"  >\n\t\t\t\t<div class=\"col-inner\"  >\n\t\t\t\n\t\t\t\n\t<div id=\"text-2842222130\" class=\"text\">\n\t\t\n<p>\u00a0<\/p>\n<p>\u00a0<\/p>\n<p>\u00a0<\/p>\n<p>\u00a0<\/p>\n<p style=\"text-align: center;\"><strong><span style=\"color: #282828; font-size: 120%;\">ISC t\u00e0i tr\u1ee3 chu\u1ed7i Qu\u1ef9 Doanh Nh\u00e2n V\u00ec C\u1ed9ng \u0110\u1ed3ng<\/span><\/strong><\/p>\n\t\t\n<style>\n#text-2842222130 {\n  text-align: center;\n}\n<\/style>\n\t<\/div>\n\t\n\t\t<\/div>\n\t\t\t\t\t<\/div>\n\n\t\n\n\t<div id=\"col-1027668701\" class=\"col medium-6 small-12 large-6\"  >\n\t\t\t\t<div class=\"col-inner\"  >\n\t\t\t\n\t\t\t\n\t<div class=\"img has-hover x md-x lg-x y md-y lg-y\" id=\"image_2014251413\">\n\t\t\t\t\t\t\t\t<div class=\"img-inner dark\" >\n\t\t\t<img loading=\"lazy\" decoding=\"async\" width=\"740\" height=\"1024\" data-src=\"https:\/\/isc-vietnam.com\/wp-content\/uploads\/2025\/12\/Image-61-740x1024-1.jpg\" class=\"attachment-large size-large lazyload\" alt=\"\" data-srcset=\"https:\/\/isc-vietnam.com\/wp-content\/uploads\/2025\/12\/Image-61-740x1024-1.jpg 740w, https:\/\/isc-vietnam.com\/wp-content\/uploads\/2025\/12\/Image-61-740x1024-1-434x600.jpg 434w, https:\/\/isc-vietnam.com\/wp-content\/uploads\/2025\/12\/Image-61-740x1024-1-9x12.jpg 9w\" data-sizes=\"auto, (max-width: 740px) 100vw, 740px\" src=\"data:image\/gif;base64,R0lGODlhAQABAAAAACH5BAEKAAEALAAAAAABAAEAAAICTAEAOw==\" style=\"--smush-placeholder-width: 740px; --smush-placeholder-aspect-ratio: 740\/1024;\" \/><noscript><img loading=\"lazy\" decoding=\"async\" width=\"740\" height=\"1024\" src=\"https:\/\/isc-vietnam.com\/wp-content\/uploads\/2025\/12\/Image-61-740x1024-1.jpg\" class=\"attachment-large size-large\" alt=\"\" srcset=\"https:\/\/isc-vietnam.com\/wp-content\/uploads\/2025\/12\/Image-61-740x1024-1.jpg 740w, https:\/\/isc-vietnam.com\/wp-content\/uploads\/2025\/12\/Image-61-740x1024-1-434x600.jpg 434w, https:\/\/isc-vietnam.com\/wp-content\/uploads\/2025\/12\/Image-61-740x1024-1-9x12.jpg 9w\" sizes=\"auto, (max-width: 740px) 100vw, 740px\" \/><\/noscript>\t\t\t\t\t\t\n\t\t\t\t\t<\/div>\n\t\t\t\t\t\t\t\t\n<style>\n#image_2014251413 {\n  width: 100%;\n}\n<\/style>\n\t<\/div>\n\t\n\t\t<\/div>\n\t\t\t\t\t<\/div>\n\n\t\n<\/div>\n<div class=\"row\"  id=\"row-149406236\">\n\n\t<div id=\"col-1514799357\" class=\"col medium-6 small-12 large-6\"  >\n\t\t\t\t<div class=\"col-inner\"  >\n\t\t\t\n\t\t\t\n\t<div id=\"text-2502577844\" class=\"text\">\n\t\t\n<p>\u00a0<\/p>\n<p>\u00a0<\/p>\n<p>\u00a0<\/p>\n<p>\u00a0<\/p>\n<p style=\"text-align: center;\"><strong><span style=\"color: #282828; font-size: 120%;\">ISC h\u1ed7 tr\u1ee3 chu\u1ed7i s\u1ef1 ki\u1ec7n tr\u01b0\u1eddng Cao \u0111\u1eb3ng C\u1ed9ng \u0111\u1ed3ng H\u1eadu Giang<\/span><\/strong><\/p>\n\t\t\n<style>\n#text-2502577844 {\n  text-align: center;\n}\n<\/style>\n\t<\/div>\n\t\n\t\t<\/div>\n\t\t\t\t\t<\/div>\n\n\t\n\n\t<div id=\"col-1868314564\" class=\"col medium-6 small-12 large-6\"  >\n\t\t\t\t<div class=\"col-inner\"  >\n\t\t\t\n\t\t\t\n\t<div class=\"img has-hover x md-x lg-x y md-y lg-y\" id=\"image_389461804\">\n\t\t\t\t\t\t\t\t<div class=\"img-inner dark\" >\n\t\t\t<img loading=\"lazy\" decoding=\"async\" width=\"442\" height=\"600\" data-src=\"https:\/\/isc-vietnam.com\/wp-content\/uploads\/2025\/12\/Thu-cam-on-Truong-CD-Cong-Dong-03.06.2024.jpg-442x600-1.png\" class=\"attachment-large size-large lazyload\" alt=\"\" data-srcset=\"https:\/\/isc-vietnam.com\/wp-content\/uploads\/2025\/12\/Thu-cam-on-Truong-CD-Cong-Dong-03.06.2024.jpg-442x600-1.png 442w, https:\/\/isc-vietnam.com\/wp-content\/uploads\/2025\/12\/Thu-cam-on-Truong-CD-Cong-Dong-03.06.2024.jpg-442x600-1-9x12.png 9w\" data-sizes=\"auto, (max-width: 442px) 100vw, 442px\" src=\"data:image\/gif;base64,R0lGODlhAQABAAAAACH5BAEKAAEALAAAAAABAAEAAAICTAEAOw==\" style=\"--smush-placeholder-width: 442px; --smush-placeholder-aspect-ratio: 442\/600;\" \/><noscript><img loading=\"lazy\" decoding=\"async\" width=\"442\" height=\"600\" src=\"https:\/\/isc-vietnam.com\/wp-content\/uploads\/2025\/12\/Thu-cam-on-Truong-CD-Cong-Dong-03.06.2024.jpg-442x600-1.png\" class=\"attachment-large size-large\" alt=\"\" srcset=\"https:\/\/isc-vietnam.com\/wp-content\/uploads\/2025\/12\/Thu-cam-on-Truong-CD-Cong-Dong-03.06.2024.jpg-442x600-1.png 442w, https:\/\/isc-vietnam.com\/wp-content\/uploads\/2025\/12\/Thu-cam-on-Truong-CD-Cong-Dong-03.06.2024.jpg-442x600-1-9x12.png 9w\" sizes=\"auto, (max-width: 442px) 100vw, 442px\" \/><\/noscript>\t\t\t\t\t\t\n\t\t\t\t\t<\/div>\n\t\t\t\t\t\t\t\t\n<style>\n#image_389461804 {\n  width: 100%;\n}\n<\/style>\n\t<\/div>\n\t\n\t\t<\/div>\n\t\t\t\t\t<\/div>\n\n\t\n<\/div>\n<div class=\"row\"  id=\"row-223448574\">\n\n\t<div id=\"col-2140991616\" class=\"col medium-6 small-12 large-6\"  >\n\t\t\t\t<div class=\"col-inner\"  >\n\t\t\t\n\t\t\t\n\t<div id=\"text-717249506\" class=\"text\">\n\t\t\n<p>\u00a0<\/p>\n<p>\u00a0<\/p>\n<p>\u00a0<\/p>\n<p>\u00a0<\/p>\n<p style=\"text-align: center;\"><strong><span style=\"color: #282828; font-size: 120%;\">ISC trao h\u1ecdc b\u1ed5ng cho sinh vi\u00ean c\u00f3 ho\u00e0n c\u1ea3nh kh\u00f3 kh\u0103n<\/span><\/strong><\/p>\n\t\t\n<style>\n#text-717249506 {\n  text-align: center;\n}\n<\/style>\n\t<\/div>\n\t\n\t\t<\/div>\n\t\t\t\t\t<\/div>\n\n\t\n\n\t<div id=\"col-302332574\" class=\"col medium-6 small-12 large-6\"  >\n\t\t\t\t<div class=\"col-inner\"  >\n\t\t\t\n\t\t\t\n\t<div class=\"img has-hover x md-x lg-x y md-y lg-y\" id=\"image_773335013\">\n\t\t\t\t\t\t\t\t<div class=\"img-inner dark\" >\n\t\t\t<img loading=\"lazy\" decoding=\"async\" width=\"651\" height=\"1024\" data-src=\"https:\/\/isc-vietnam.com\/wp-content\/uploads\/2025\/12\/Thu-cam-on-cua-Bao-Hau-Giang-651x1024-1.jpeg\" class=\"attachment-large size-large lazyload\" alt=\"\" data-srcset=\"https:\/\/isc-vietnam.com\/wp-content\/uploads\/2025\/12\/Thu-cam-on-cua-Bao-Hau-Giang-651x1024-1.jpeg 651w, https:\/\/isc-vietnam.com\/wp-content\/uploads\/2025\/12\/Thu-cam-on-cua-Bao-Hau-Giang-651x1024-1-381x600.jpeg 381w, https:\/\/isc-vietnam.com\/wp-content\/uploads\/2025\/12\/Thu-cam-on-cua-Bao-Hau-Giang-651x1024-1-8x12.jpeg 8w\" data-sizes=\"auto, (max-width: 651px) 100vw, 651px\" src=\"data:image\/gif;base64,R0lGODlhAQABAAAAACH5BAEKAAEALAAAAAABAAEAAAICTAEAOw==\" style=\"--smush-placeholder-width: 651px; --smush-placeholder-aspect-ratio: 651\/1024;\" \/><noscript><img loading=\"lazy\" decoding=\"async\" width=\"651\" height=\"1024\" src=\"https:\/\/isc-vietnam.com\/wp-content\/uploads\/2025\/12\/Thu-cam-on-cua-Bao-Hau-Giang-651x1024-1.jpeg\" class=\"attachment-large size-large\" alt=\"\" srcset=\"https:\/\/isc-vietnam.com\/wp-content\/uploads\/2025\/12\/Thu-cam-on-cua-Bao-Hau-Giang-651x1024-1.jpeg 651w, https:\/\/isc-vietnam.com\/wp-content\/uploads\/2025\/12\/Thu-cam-on-cua-Bao-Hau-Giang-651x1024-1-381x600.jpeg 381w, https:\/\/isc-vietnam.com\/wp-content\/uploads\/2025\/12\/Thu-cam-on-cua-Bao-Hau-Giang-651x1024-1-8x12.jpeg 8w\" sizes=\"auto, (max-width: 651px) 100vw, 651px\" \/><\/noscript>\t\t\t\t\t\t\n\t\t\t\t\t<\/div>\n\t\t\t\t\t\t\t\t\n<style>\n#image_773335013 {\n  width: 100%;\n}\n<\/style>\n\t<\/div>\n\t\n\t\t<\/div>\n\t\t\t\t\t<\/div>\n\n\t\n<\/div>\n<div class=\"row\"  id=\"row-227911034\">\n\n\t<div id=\"col-2134417190\" class=\"col medium-6 small-12 large-6\"  >\n\t\t\t\t<div class=\"col-inner\"  >\n\t\t\t\n\t\t\t\n\t<div id=\"text-860490827\" class=\"text\">\n\t\t\n<p>\u00a0<\/p>\n<p>\u00a0<\/p>\n<p>\u00a0<\/p>\n<p>\u00a0<\/p>\n<p style=\"text-align: center;\"><span style=\"font-size: 120%; color: #282828;\"><strong>Building Dreams: ISC and DIGI-TEXX Present a New Home to a Local Family<\/strong><\/span><\/p>\n\t\t\n<style>\n#text-860490827 {\n  text-align: center;\n}\n<\/style>\n\t<\/div>\n\t\n\t\t<\/div>\n\t\t\t\t\t<\/div>\n\n\t\n\n\t<div id=\"col-104685196\" class=\"col medium-6 small-12 large-6\"  >\n\t\t\t\t<div class=\"col-inner\"  >\n\t\t\t\n\t\t\t\n\t<div class=\"img has-hover x md-x lg-x y md-y lg-y\" id=\"image_758078828\">\n\t\t\t\t\t\t\t\t<div class=\"img-inner dark\" >\n\t\t\t<img loading=\"lazy\" decoding=\"async\" width=\"919\" height=\"682\" data-src=\"https:\/\/isc-vietnam.com\/wp-content\/uploads\/2026\/01\/2.png\" class=\"attachment-large size-large lazyload\" alt=\"\" data-srcset=\"https:\/\/isc-vietnam.com\/wp-content\/uploads\/2026\/01\/2.png 919w, https:\/\/isc-vietnam.com\/wp-content\/uploads\/2026\/01\/2-600x445.png 600w, https:\/\/isc-vietnam.com\/wp-content\/uploads\/2026\/01\/2-768x570.png 768w, https:\/\/isc-vietnam.com\/wp-content\/uploads\/2026\/01\/2-16x12.png 16w\" data-sizes=\"auto, (max-width: 919px) 100vw, 919px\" src=\"data:image\/gif;base64,R0lGODlhAQABAAAAACH5BAEKAAEALAAAAAABAAEAAAICTAEAOw==\" style=\"--smush-placeholder-width: 919px; --smush-placeholder-aspect-ratio: 919\/682;\" \/><noscript><img loading=\"lazy\" decoding=\"async\" width=\"919\" height=\"682\" src=\"https:\/\/isc-vietnam.com\/wp-content\/uploads\/2026\/01\/2.png\" class=\"attachment-large size-large\" alt=\"\" srcset=\"https:\/\/isc-vietnam.com\/wp-content\/uploads\/2026\/01\/2.png 919w, https:\/\/isc-vietnam.com\/wp-content\/uploads\/2026\/01\/2-600x445.png 600w, https:\/\/isc-vietnam.com\/wp-content\/uploads\/2026\/01\/2-768x570.png 768w, https:\/\/isc-vietnam.com\/wp-content\/uploads\/2026\/01\/2-16x12.png 16w\" sizes=\"auto, (max-width: 919px) 100vw, 919px\" \/><\/noscript>\t\t\t\t\t\t\n\t\t\t\t\t<\/div>\n\t\t\t\t\t\t\t\t\n<style>\n#image_758078828 {\n  width: 100%;\n}\n<\/style>\n\t<\/div>\n\t\n\t\t<\/div>\n\t\t\t\t\t<\/div>\n\n\t\n<\/div>\n<div class=\"row\"  id=\"row-2062694069\">\n\n\t<div id=\"col-1082917388\" class=\"col medium-6 small-12 large-6\"  >\n\t\t\t\t<div class=\"col-inner\"  >\n\t\t\t\n\t\t\t\n\t<div id=\"text-2194876261\" class=\"text\">\n\t\t\n<p>\u00a0<\/p>\n<p>\u00a0<\/p>\n<p>\u00a0<\/p>\n<p style=\"text-align: center;\"><span style=\"font-size: 120%; color: #282828;\"><strong>ISC h\u1ed7 tr\u1ee3 nh\u00e0 \u0110\u1ea1i \u0110o\u00e0n k\u1ebft cho h\u1ed9 ngh\u00e8o, h\u1ed9 c\u1ea7n ngh\u00e8o, h\u1ed9 kh\u00f3 kh\u0103n tr\u00ean \u0111\u1ecba b\u00e0n ph\u01b0\u1eddng V\u1ecb T\u00e2n, TP C\u1ea7n Th\u01a1 n\u0103m 2025<\/strong><\/span><\/p>\n\t\t\n<style>\n#text-2194876261 {\n  text-align: center;\n}\n<\/style>\n\t<\/div>\n\t\n\t\t<\/div>\n\t\t\t\t\t<\/div>\n\n\t\n\n\t<div id=\"col-1272903576\" class=\"col medium-6 small-12 large-6\"  >\n\t\t\t\t<div class=\"col-inner\"  >\n\t\t\t\n\t\t\t\n\t<div class=\"img has-hover x md-x lg-x y md-y lg-y\" id=\"image_733243489\">\n\t\t\t\t\t\t\t\t<div class=\"img-inner dark\" >\n\t\t\t<img loading=\"lazy\" decoding=\"async\" width=\"1020\" height=\"765\" data-src=\"https:\/\/isc-vietnam.com\/wp-content\/uploads\/2026\/01\/1000018672-1024x768.jpeg\" class=\"attachment-large size-large lazyload\" alt=\"\" data-srcset=\"https:\/\/isc-vietnam.com\/wp-content\/uploads\/2026\/01\/1000018672-1024x768.jpeg 1024w, https:\/\/isc-vietnam.com\/wp-content\/uploads\/2026\/01\/1000018672-600x450.jpeg 600w, https:\/\/isc-vietnam.com\/wp-content\/uploads\/2026\/01\/1000018672-768x576.jpeg 768w, https:\/\/isc-vietnam.com\/wp-content\/uploads\/2026\/01\/1000018672-1536x1152.jpeg 1536w, https:\/\/isc-vietnam.com\/wp-content\/uploads\/2026\/01\/1000018672-16x12.jpeg 16w, https:\/\/isc-vietnam.com\/wp-content\/uploads\/2026\/01\/1000018672.jpeg 1600w\" data-sizes=\"auto, (max-width: 1020px) 100vw, 1020px\" src=\"data:image\/gif;base64,R0lGODlhAQABAAAAACH5BAEKAAEALAAAAAABAAEAAAICTAEAOw==\" style=\"--smush-placeholder-width: 1020px; --smush-placeholder-aspect-ratio: 1020\/765;\" \/><noscript><img loading=\"lazy\" decoding=\"async\" width=\"1020\" height=\"765\" src=\"https:\/\/isc-vietnam.com\/wp-content\/uploads\/2026\/01\/1000018672-1024x768.jpeg\" class=\"attachment-large size-large\" alt=\"\" srcset=\"https:\/\/isc-vietnam.com\/wp-content\/uploads\/2026\/01\/1000018672-1024x768.jpeg 1024w, https:\/\/isc-vietnam.com\/wp-content\/uploads\/2026\/01\/1000018672-600x450.jpeg 600w, https:\/\/isc-vietnam.com\/wp-content\/uploads\/2026\/01\/1000018672-768x576.jpeg 768w, https:\/\/isc-vietnam.com\/wp-content\/uploads\/2026\/01\/1000018672-1536x1152.jpeg 1536w, https:\/\/isc-vietnam.com\/wp-content\/uploads\/2026\/01\/1000018672-16x12.jpeg 16w, https:\/\/isc-vietnam.com\/wp-content\/uploads\/2026\/01\/1000018672.jpeg 1600w\" sizes=\"auto, (max-width: 1020px) 100vw, 1020px\" \/><\/noscript>\t\t\t\t\t\t\n\t\t\t\t\t<\/div>\n\t\t\t\t\t\t\t\t\n<style>\n#image_733243489 {\n  width: 100%;\n}\n<\/style>\n\t<\/div>\n\t\n\t\t<\/div>\n\t\t\t\t\t<\/div>\n\n\t\n<\/div>\n     <\/div>\n\n     <div class=\"loading-spin dark large centered\"><\/div>\n\n     \t<\/div>","protected":false},"excerpt":{"rendered":"","protected":false},"author":1,"featured_media":0,"parent":0,"menu_order":0,"comment_status":"closed","ping_status":"closed","template":"page-blank.php","meta":{"footnotes":""},"class_list":["post-3318","page","type-page","status-publish","hentry"],"yoast_head":"<!-- This site is optimized with the Yoast SEO plugin v20.3 - https:\/\/yoast.com\/wordpress\/plugins\/seo\/ -->\n<title>CSR - ISC Vi\u1ec7t Nam<\/title>\n<meta name=\"robots\" content=\"index, follow, max-snippet:-1, max-image-preview:large, max-video-preview:-1\" \/>\n<link rel=\"canonical\" href=\"https:\/\/isc-vietnam.com\/en\/csr\/\" \/>\n<meta property=\"og:locale\" content=\"en_US\" \/>\n<meta property=\"og:type\" content=\"article\" \/>\n<meta property=\"og:title\" content=\"CSR - ISC Vi\u1ec7t Nam\" \/>\n<meta property=\"og:url\" content=\"https:\/\/isc-vietnam.com\/en\/csr\/\" \/>\n<meta property=\"og:site_name\" content=\"ISC Vi\u1ec7t Nam\" \/>\n<meta property=\"article:publisher\" content=\"https:\/\/www.facebook.com\/vietnamisc\" \/>\n<meta property=\"article:modified_time\" content=\"2026-01-23T01:50:07+00:00\" \/>\n<meta name=\"twitter:card\" content=\"summary_large_image\" \/>\n<meta name=\"twitter:label1\" content=\"Est. reading time\" \/>\n\t<meta name=\"twitter:data1\" content=\"1 minute\" \/>\n<script type=\"application\/ld+json\" class=\"yoast-schema-graph\">{\"@context\":\"https:\/\/schema.org\",\"@graph\":[{\"@type\":\"WebPage\",\"@id\":\"https:\/\/isc-vietnam.com\/csr\/\",\"url\":\"https:\/\/isc-vietnam.com\/csr\/\",\"name\":\"CSR - ISC Vi\u1ec7t Nam\",\"isPartOf\":{\"@id\":\"https:\/\/isc-vietnam.com\/#website\"},\"datePublished\":\"2024-09-09T02:00:26+00:00\",\"dateModified\":\"2026-01-23T01:50:07+00:00\",\"breadcrumb\":{\"@id\":\"https:\/\/isc-vietnam.com\/csr\/#breadcrumb\"},\"inLanguage\":\"en-US\",\"potentialAction\":[{\"@type\":\"ReadAction\",\"target\":[\"https:\/\/isc-vietnam.com\/csr\/\"]}]},{\"@type\":\"BreadcrumbList\",\"@id\":\"https:\/\/isc-vietnam.com\/csr\/#breadcrumb\",\"itemListElement\":[{\"@type\":\"ListItem\",\"position\":1,\"name\":\"Trang ch\u1ee7\",\"item\":\"https:\/\/isc-vietnam.com\/\"},{\"@type\":\"ListItem\",\"position\":2,\"name\":\"CSR\"}]},{\"@type\":\"WebSite\",\"@id\":\"https:\/\/isc-vietnam.com\/#website\",\"url\":\"https:\/\/isc-vietnam.com\/\",\"name\":\"ISC Vi\u1ec7t Nam\",\"description\":\"TRUNG T\u00c2M \u01af\u01a0M T\u1ea0O C\u00d4NG NGH\u1ec6 V\u00c0 H\u1ed6 TR\u1ee2 \u0110\u1ed4I M\u1edaI S\u00c1NG T\u1ea0O (ISC)\",\"publisher\":{\"@id\":\"https:\/\/isc-vietnam.com\/#organization\"},\"potentialAction\":[{\"@type\":\"SearchAction\",\"target\":{\"@type\":\"EntryPoint\",\"urlTemplate\":\"https:\/\/isc-vietnam.com\/?s={search_term_string}\"},\"query-input\":\"required name=search_term_string\"}],\"inLanguage\":\"en-US\"},{\"@type\":\"Organization\",\"@id\":\"https:\/\/isc-vietnam.com\/#organization\",\"name\":\"ISC Vi\u1ec7t Nam\",\"url\":\"https:\/\/isc-vietnam.com\/\",\"logo\":{\"@type\":\"ImageObject\",\"inLanguage\":\"en-US\",\"@id\":\"https:\/\/isc-vietnam.com\/#\/schema\/logo\/image\/\",\"url\":\"https:\/\/isc-vietnam.com\/wp-content\/uploads\/2024\/03\/iscfav.png\",\"contentUrl\":\"https:\/\/isc-vietnam.com\/wp-content\/uploads\/2024\/03\/iscfav.png\",\"width\":512,\"height\":512,\"caption\":\"ISC Vi\u1ec7t Nam\"},\"image\":{\"@id\":\"https:\/\/isc-vietnam.com\/#\/schema\/logo\/image\/\"},\"sameAs\":[\"https:\/\/www.facebook.com\/vietnamisc\",\"https:\/\/www.linkedin.com\/company\/iscvietnam\/\",\"https:\/\/www.youtube.com\/@iscvietnam\"]}]}<\/script>\n<!-- \/ Yoast SEO plugin. -->","yoast_head_json":{"title":"CSR - ISC Vi\u1ec7t Nam","robots":{"index":"index","follow":"follow","max-snippet":"max-snippet:-1","max-image-preview":"max-image-preview:large","max-video-preview":"max-video-preview:-1"},"canonical":"https:\/\/isc-vietnam.com\/en\/csr\/","og_locale":"en_US","og_type":"article","og_title":"CSR - ISC Vi\u1ec7t Nam","og_url":"https:\/\/isc-vietnam.com\/en\/csr\/","og_site_name":"ISC Vi\u1ec7t Nam","article_publisher":"https:\/\/www.facebook.com\/vietnamisc","article_modified_time":"2026-01-23T01:50:07+00:00","twitter_card":"summary_large_image","twitter_misc":{"Est. reading time":"1 minute"},"schema":{"@context":"https:\/\/schema.org","@graph":[{"@type":"WebPage","@id":"https:\/\/isc-vietnam.com\/csr\/","url":"https:\/\/isc-vietnam.com\/csr\/","name":"CSR - ISC Vi\u1ec7t Nam","isPartOf":{"@id":"https:\/\/isc-vietnam.com\/#website"},"datePublished":"2024-09-09T02:00:26+00:00","dateModified":"2026-01-23T01:50:07+00:00","breadcrumb":{"@id":"https:\/\/isc-vietnam.com\/csr\/#breadcrumb"},"inLanguage":"en-US","potentialAction":[{"@type":"ReadAction","target":["https:\/\/isc-vietnam.com\/csr\/"]}]},{"@type":"BreadcrumbList","@id":"https:\/\/isc-vietnam.com\/csr\/#breadcrumb","itemListElement":[{"@type":"ListItem","position":1,"name":"Trang ch\u1ee7","item":"https:\/\/isc-vietnam.com\/"},{"@type":"ListItem","position":2,"name":"CSR"}]},{"@type":"WebSite","@id":"https:\/\/isc-vietnam.com\/#website","url":"https:\/\/isc-vietnam.com\/","name":"ISC Vi\u1ec7t Nam","description":"TRUNG T\u00c2M \u01af\u01a0M T\u1ea0O C\u00d4NG NGH\u1ec6 V\u00c0 H\u1ed6 TR\u1ee2 \u0110\u1ed4I M\u1edaI S\u00c1NG T\u1ea0O (ISC)","publisher":{"@id":"https:\/\/isc-vietnam.com\/#organization"},"potentialAction":[{"@type":"SearchAction","target":{"@type":"EntryPoint","urlTemplate":"https:\/\/isc-vietnam.com\/?s={search_term_string}"},"query-input":"required name=search_term_string"}],"inLanguage":"en-US"},{"@type":"Organization","@id":"https:\/\/isc-vietnam.com\/#organization","name":"ISC Vi\u1ec7t Nam","url":"https:\/\/isc-vietnam.com\/","logo":{"@type":"ImageObject","inLanguage":"en-US","@id":"https:\/\/isc-vietnam.com\/#\/schema\/logo\/image\/","url":"https:\/\/isc-vietnam.com\/wp-content\/uploads\/2024\/03\/iscfav.png","contentUrl":"https:\/\/isc-vietnam.com\/wp-content\/uploads\/2024\/03\/iscfav.png","width":512,"height":512,"caption":"ISC Vi\u1ec7t Nam"},"image":{"@id":"https:\/\/isc-vietnam.com\/#\/schema\/logo\/image\/"},"sameAs":["https:\/\/www.facebook.com\/vietnamisc","https:\/\/www.linkedin.com\/company\/iscvietnam\/","https:\/\/www.youtube.com\/@iscvietnam"]}]}},"_links":{"self":[{"href":"https:\/\/isc-vietnam.com\/en\/wp-json\/wp\/v2\/pages\/3318","targetHints":{"allow":["GET"]}}],"collection":[{"href":"https:\/\/isc-vietnam.com\/en\/wp-json\/wp\/v2\/pages"}],"about":[{"href":"https:\/\/isc-vietnam.com\/en\/wp-json\/wp\/v2\/types\/page"}],"author":[{"embeddable":true,"href":"https:\/\/isc-vietnam.com\/en\/wp-json\/wp\/v2\/users\/1"}],"replies":[{"embeddable":true,"href":"https:\/\/isc-vietnam.com\/en\/wp-json\/wp\/v2\/comments?post=3318"}],"version-history":[{"count":28,"href":"https:\/\/isc-vietnam.com\/en\/wp-json\/wp\/v2\/pages\/3318\/revisions"}],"predecessor-version":[{"id":4558,"href":"https:\/\/isc-vietnam.com\/en\/wp-json\/wp\/v2\/pages\/3318\/revisions\/4558"}],"wp:attachment":[{"href":"https:\/\/isc-vietnam.com\/en\/wp-json\/wp\/v2\/media?parent=3318"}],"curies":[{"name":"wp","href":"https:\/\/api.w.org\/{rel}","templated":true}]}}